{"id":29,"date":"2020-11-13T08:33:39","date_gmt":"2020-11-13T05:33:39","guid":{"rendered":"http:\/\/burial-price.com\/es\/?page_id=29"},"modified":"2021-03-30T02:11:58","modified_gmt":"2021-03-29T23:11:58","slug":"privacy-policy","status":"publish","type":"page","link":"https:\/\/burial-price.com\/es\/privacy-policy\/","title":{"rendered":"Pol\u00edtica de Privacidad"},"content":{"rendered":"\n<p>Burial-Price.com se dedica a proteger su privacidad. Usaremos la mejor tecnolog\u00eda disponible para nosotros para cumplir con estrictos procedimientos de confidencialidad con el fin de mantener la confidencialidad de su informaci\u00f3n personal. Si tiene alguna pregunta sobre c\u00f3mo protegeremos su privacidad, comun\u00edquese con nosotros.<\/p>\n\n\n\n<p>Actualizaremos nuestra pol\u00edtica de privacidad de vez en cuando. Encontrar\u00e1 dichas actualizaciones en esta p\u00e1gina.<\/p>\n\n\n\n<p>Nuestra empresa recopilar\u00e1 la informaci\u00f3n que nos proporcione; informaci\u00f3n sobre sus transacciones con nosotros y \/ o nuestras afiliadas; informaci\u00f3n sobre sus transacciones con terceros no afiliados a quienes divulgamos su informaci\u00f3n para facilitar su solicitud o solicitud; informaci\u00f3n obtenida de cualquier agencia de informes del consumidor, como su historial crediticio.<\/p>\n\n\n\n<p>Nuestra empresa recopila autom\u00e1ticamente datos de tr\u00e1fico que incluyen su direcci\u00f3n IP, ISP e informaci\u00f3n relacionada para ayudarnos a mejorar el servicio y las ofertas. Este tipo de datos de tr\u00e1fico no lo identifica personalmente. Como se practica en Internet, utilizamos cookies y balizas web para rastrear los datos de tr\u00e1fico y las transacciones de los clientes con fines contables.<\/p>\n\n\n\n<p>Compartimos tr\u00e1fico an\u00f3nimo e informaci\u00f3n transaccional con proveedores de servicios y afiliados de forma agregada con fines de marketing, contabilidad y optimizaci\u00f3n del sitio. Pero ninguna informaci\u00f3n NPPI que identifique a un cliente o antiguo cliente se revela en la recopilaci\u00f3n y uso de datos de tr\u00e1fico.<\/p>\n\n\n\n<p>Para que pueda utilizar los servicios ofrecidos por este sitio, deber\u00e1 proporcionarnos informaci\u00f3n NPPI como:<\/p>\n\n\n\n<p>\u00b7&nbsp;&nbsp;&nbsp;&nbsp;&nbsp;&nbsp;&nbsp;&nbsp;Name<\/p>\n\n\n\n<p>\u00b7\u00a0\u00a0\u00a0\u00a0\u00a0\u00a0\u00a0\u00a0Nombre<\/p>\n\n\n\n<p>\u00b7\u00a0\u00a0\u00a0\u00a0\u00a0\u00a0\u00a0\u00a0Direcci\u00f3n de correo electr\u00f3nico<\/p>\n\n\n\n<p>\u00b7\u00a0\u00a0\u00a0\u00a0\u00a0\u00a0\u00a0\u00a0N\u00famero de tel\u00e9fono<\/p>\n\n\n\n<p>\u00b7\u00a0\u00a0\u00a0\u00a0\u00a0\u00a0\u00a0\u00a0Lugar de empleo, empleador, tiempo que ha trabajado all\u00ed<\/p>\n\n\n\n<p>\u00b7\u00a0\u00a0\u00a0\u00a0\u00a0\u00a0\u00a0\u00a0Informaci\u00f3n directamente relevante para su vivienda e hipoteca<\/p>\n\n\n\n<p>\u00b7\u00a0\u00a0\u00a0\u00a0\u00a0\u00a0\u00a0\u00a0Informaci\u00f3n relevante para su historial crediticio<\/p>\n\n\n\n<p>\u00b7\u00a0\u00a0\u00a0\u00a0\u00a0\u00a0\u00a0\u00a0N\u00famero de seguridad social<\/p>\n\n\n\n<p>\u00b7\u00a0\u00a0\u00a0\u00a0\u00a0\u00a0\u00a0\u00a0Informaci\u00f3n de ciudadan\u00eda<\/p>\n\n\n\n<p>\u00b7\u00a0\u00a0\u00a0\u00a0\u00a0\u00a0\u00a0\u00a0N\u00famero de carnet de conducir<\/p>\n\n\n\n<p>\u00b7\u00a0\u00a0\u00a0\u00a0\u00a0\u00a0\u00a0\u00a0Cuenta bancaria o n\u00famero de ruta<\/p>\n\n\n\n<p>\u00b7\u00a0\u00a0\u00a0\u00a0\u00a0\u00a0\u00a0\u00a0Fecha de cumplea\u00f1os<\/p>\n\n\n\n<p>\u00b7\u00a0\u00a0\u00a0\u00a0\u00a0\u00a0\u00a0\u00a0Informaci\u00f3n relacionada con sus tarjetas de d\u00e9bito y \/ o cr\u00e9dito<\/p>\n\n\n\n<p>Usaremos esta informaci\u00f3n seg\u00fan lo prescrito anteriormente para procesar sus solicitudes de servicios y productos financieros.<\/p>\n\n\n\n<p>Podemos divulgar el NPPI recopilado de usted en este sitio a nuestras afiliadas o terceros no afiliados, tales como, entre otros, instituciones financieras y afiliadas y proveedores de servicios, seg\u00fan lo permita y permita la ley.<\/p>\n\n\n\n<p>Nuestra empresa se dedica a su privacidad. Por lo tanto, su n\u00famero de seguro social, n\u00famero de licencia de conducir, contabilidad bancaria y n\u00famero de ruta, y n\u00fameros de tarjetas de d\u00e9bito o cr\u00e9dito, fechas de vencimiento y c\u00f3digos de seguridad se encriptan inmediatamente.<\/p>\n\n\n\n<p>NO vendemos, alquilamos ni compartimos su NPPI a terceros, excepto como se explica en esta pol\u00edtica de privacidad y seg\u00fan lo permita la ley. Nuestra empresa NUNCA le pedir\u00e1 que proporcione NPPI en un correo electr\u00f3nico. NO RESPONDA ni CUMPLA ning\u00fan correo electr\u00f3nico que PARECE SER DE NOSOTROS solicitando NPPI.<\/p>\n\n\n\n<p>Nos reservamos el derecho de divulgar su NPPI, incluida su direcci\u00f3n de correo electr\u00f3nico, sin su consentimiento para cumplir con las leyes y requisitos legales federales, estatales o locales y para cumplir con las solicitudes y procesos judiciales. Tambi\u00e9n proporcionamos a nuestros proveedores de servicios dicha informaci\u00f3n para confirmar la integridad de la informaci\u00f3n recopilada o para los afiliados con fines contables.<\/p>\n\n\n\n<p>No solicitamos a sabiendas informaci\u00f3n de personas menores de 18 a\u00f1os. No ofrecemos, cumplimos ni proporcionamos ning\u00fan producto o servicio para personas menores de 18 a\u00f1os. Al usar este sitio, usted declara que es un adulto. Usted reconoce que puede acceder a la pol\u00edtica de privacidad de nuestra empresa y que ha tenido la oportunidad de leerla. NO use este sitio web de ninguna manera si alguna de las condiciones enumeradas en la pol\u00edtica de privacidad no es aceptable para usted o si no est\u00e1 de acuerdo con todos los t\u00e9rminos y condiciones de nuestra empresa.<\/p>\n\n\n\n<p>Nuestra empresa no es responsable de la pol\u00edtica de privacidad practicada en ning\u00fan otro sitio. La pol\u00edtica de privacidad descrita en este sitio podr\u00eda diferir de la de terceros no afiliados con los que se comparte su NPPI para que usted pueda conservar los servicios o productos.<\/p>\n\n\n\n<p>Copyright \u00a9 Burial-Price.com, Todos los derechos reservados.<\/p>\n","protected":false},"excerpt":{"rendered":"<p>Burial-Price.com se dedica a proteger su privacidad. Usaremos la mejor tecnolog\u00eda disponible para nosotros para cumplir con estrictos procedimientos de confidencialidad con el fin de mantener la confidencialidad de su informaci\u00f3n personal. Si tiene alguna pregunta sobre c\u00f3mo protegeremos su privacidad, comun\u00edquese con nosotros. Actualizaremos nuestra pol\u00edtica de privacidad de vez en cuando. Encontrar\u00e1 dichas [&hellip;]<\/p>\n","protected":false},"author":1,"featured_media":0,"parent":0,"menu_order":0,"comment_status":"closed","ping_status":"closed","template":"page-content.php","meta":[],"_links":{"self":[{"href":"https:\/\/burial-price.com\/es\/wp-json\/wp\/v2\/pages\/29"}],"collection":[{"href":"https:\/\/burial-price.com\/es\/wp-json\/wp\/v2\/pages"}],"about":[{"href":"https:\/\/burial-price.com\/es\/wp-json\/wp\/v2\/types\/page"}],"author":[{"embeddable":true,"href":"https:\/\/burial-price.com\/es\/wp-json\/wp\/v2\/users\/1"}],"replies":[{"embeddable":true,"href":"https:\/\/burial-price.com\/es\/wp-json\/wp\/v2\/comments?post=29"}],"version-history":[{"count":5,"href":"https:\/\/burial-price.com\/es\/wp-json\/wp\/v2\/pages\/29\/revisions"}],"predecessor-version":[{"id":120,"href":"https:\/\/burial-price.com\/es\/wp-json\/wp\/v2\/pages\/29\/revisions\/120"}],"wp:attachment":[{"href":"https:\/\/burial-price.com\/es\/wp-json\/wp\/v2\/media?parent=29"}],"curies":[{"name":"wp","href":"https:\/\/api.w.org\/{rel}","templated":true}]}}