{"id":33,"date":"2020-11-13T09:02:31","date_gmt":"2020-11-13T06:02:31","guid":{"rendered":"http:\/\/burial-price.com\/es\/?page_id=33"},"modified":"2021-03-30T03:31:44","modified_gmt":"2021-03-30T00:31:44","slug":"terms-of-service","status":"publish","type":"page","link":"https:\/\/burial-price.com\/es\/terms-of-service\/","title":{"rendered":"T\u00c9RMINOS DE SERVICIO"},"content":{"rendered":"\n<p><strong>POR FAVOR LEA ESTE ACUERDO DETENIDAMENTE ANTES DE ACCEDER AL SITIO.<\/strong><\/p>\n\n\n\n<p><strong>AL UTILIZAR EL SITIO, USTED RECONOCE QUE HA LE\u00cdDO ESTE ACUERDO Y EST\u00c1 DE ACUERDO SIN LIMITACI\u00d3N O CUALIFICACI\u00d3N, ESTAR LEGALMENTE OBLIGADO POR ESTE ACUERDO Y LOS T\u00c9RMINOS DE LA <a href=\"https:\/\/burial-price.com\/es\/privacy-policy\">POL\u00cdTICA DE PRIVACIDAD<\/a> DE LA COMPA\u00d1\u00cdA QUE EST\u00c1 INCORPORADA AQU\u00cd TAL COMO EST\u00c1 COMPLETAMENTE ESTABLECIDO. SI NO EST\u00c1 DE ACUERDO CON ESTOS T\u00c9RMINOS, NO ACCEDA NI UTILICE ESTE SITIO WEB.<\/strong><\/p>\n\n\n\n<p><strong>1. Servicios:<\/strong><\/p>\n\n\n\n<p>El servicio de comparaci\u00f3n de seguros de Burial-Price.com conecta a los consumidores con las posibles aseguradoras que participan en la red de proveedores de seguros de Burial-Price.com (&#8220;aseguradoras participantes&#8221;). Para utilizar el servicio, debe completar uno o m\u00e1s formularios en l\u00ednea que le soliciten informaci\u00f3n espec\u00edfica, incluidos, entre otros, su nombre, direcci\u00f3n, n\u00famero de tel\u00e9fono, direcci\u00f3n de correo electr\u00f3nico, n\u00famero de seguro social, n\u00famero de licencia de conducir, informaci\u00f3n de cuenta bancaria, informaci\u00f3n laboral y referencias personales. La recopilaci\u00f3n y el uso de esta informaci\u00f3n por parte de Burial-Price.com est\u00e1n sujetos a la <a href=\"http:\/\/burial-price.com\/es\/privacy-policy\/\">Pol\u00edtica de Privacidad<\/a> de este sitio. Para utilizar este sitio web o el servicio, debe aceptar estos t\u00e9rminos y condiciones, as\u00ed como la Pol\u00edtica de privacidad, que se incorporan aqu\u00ed como referencia.<\/p>\n\n\n\n<p>Una vez que env\u00ede los formularios a Burial-Price.com, compartiremos su informaci\u00f3n con una o m\u00e1s aseguradoras participantes. Al enviar los formularios, usted comprende y acepta que est\u00e1 enviando una consulta sobre un producto de seguro a Burial-Price.com y a cada una de las aseguradoras participantes a quienes Burial-Price.com transmite su solicitud de seguro. Al enviar los formularios, est\u00e1 extendiendo una solicitud expresa a Burial-Price.com y a cada una de sus aseguradoras participantes con quienes se comparte su informaci\u00f3n para que se comuniquen con usted por cualquier medio (incluidos, entre otros, correo electr\u00f3nico, tel\u00e9fono y mail) para que puedan ayudarlo con su transacci\u00f3n o brindarle informaci\u00f3n sobre ofertas adicionales en las que pueda estar interesado.<\/p>\n\n\n\n<p>Las aseguradoras participantes que reciben su informaci\u00f3n de Burial-Price.com revisan su informaci\u00f3n en tiempo real para determinar si su informaci\u00f3n cumple con los criterios de calificaci\u00f3n de seguro de la aseguradora. Las aseguradoras participantes pueden, entre otras cosas, verificar su n\u00famero de seguro social, realizar una verificaci\u00f3n de cr\u00e9dito y revisar su informaci\u00f3n con bases de datos nacionales que rastrea las transacciones de los consumidores con las instituciones crediticias. Al enviar el formulario, acepta permitir que las aseguradoras participantes revisen, verifiquen e investiguen su informaci\u00f3n de esa manera.<\/p>\n\n\n\n<p>Si una aseguradora participante determina que su solicitud cumple con los criterios de calificaci\u00f3n del seguro, el sitio web de Burial-Price.com redirigir\u00e1 su navegador al sitio web de la aseguradora. Usted comprende y acepta que, una vez que haya sido redirigido al sitio web de la aseguradora, Burial-Price.com no tendr\u00e1 m\u00e1s participaci\u00f3n. Burial-Price.com no participa en el proceso de solicitud o aprobaci\u00f3n del seguro. Sus interacciones posteriores con la aseguradora est\u00e1n sujetas a la pol\u00edtica de privacidad, los t\u00e9rminos de uso y otras pol\u00edticas y \/ o t\u00e9rminos aplicados por esa aseguradora.<\/p>\n\n\n\n<p>Burial-Price.com no es una aseguradora y no toma decisiones sobre seguros o cr\u00e9ditos en relaci\u00f3n con su servicio de comparaci\u00f3n de seguros ni garantiza la aceptaci\u00f3n en ning\u00fan programa de seguros en particular o t\u00e9rminos o condiciones de seguros espec\u00edficos con ninguna aseguradora participante. Burial-Price.com no garantiza que el precio, producto, disponibilidad, tarifas, tarifas o cualquier otro t\u00e9rmino de seguro ofrecido y puesto a disposici\u00f3n por las aseguradoras participantes a trav\u00e9s del servicio de comparaci\u00f3n de seguros sean los mejores t\u00e9rminos disponibles en el mercado.<\/p>\n\n\n\n<p>Burial-Price.com no respalda ni recomienda los productos de ninguna aseguradora en particular. No es un agente suyo ni de ninguna aseguradora participante. Burial-Price.com no est\u00e1 involucrado en el uso y \/ o revisi\u00f3n de la informaci\u00f3n de su solicitud por parte de la aseguradora ni en la determinaci\u00f3n de si cumple con los criterios de calificaci\u00f3n de seguro de una aseguradora en particular. La aseguradora es la \u00fanica responsable de sus servicios para usted, y usted acepta que Burial-Price.com no ser\u00e1 responsable de ning\u00fan da\u00f1o o costo de ning\u00fan tipo que surja de o est\u00e9 relacionado de alguna manera con su uso del servicio de comparaci\u00f3n de seguros. Usted comprende que las aseguradoras participantes pueden conservar la informaci\u00f3n de su solicitud, est\u00e9 o no calificado para un seguro con ellas.<\/p>\n\n\n\n<p>Burial-Price.com se reserva el derecho de cambiar cualquier informaci\u00f3n, caracter\u00edsticas y \/ o funciones del servicio de comparaci\u00f3n de seguros sin previo aviso. Burial-Price.com se reserva el derecho de negarle el acceso a todos o parte de los servicios sin previo aviso. Espec\u00edficamente niega cualquier responsabilidad por cualquier error o demora en la prestaci\u00f3n de los servicios de comparaci\u00f3n de seguros causados por errores en la informaci\u00f3n de la aplicaci\u00f3n proporcionada por usted o por cualquier problema t\u00e9cnico fuera de su control.<\/p>\n\n\n\n<p><strong>Renuncias y limitaciones<\/strong><\/p>\n\n\n\n<p>ESTE SITIO WEB Y LA INFORMACI\u00d3N, SOFTWARE, PRODUCTOS Y SERVICIOS ASOCIADOS CON ELLO SE PROPORCIONAN &#8220;TAL CUAL&#8221;. Burial-Price.com RENUNCIA EXPRESAMENTE A CUALQUIER GARANT\u00cdA DE CUALQUIER TIPO, YA SEA EXPRESA O IMPL\u00cdCITA, EN CUANTO A CUALQUIER ASUNTO RELACIONADO CON ESTE SITIO WEB Y CUALQUIER INFORMACI\u00d3N, SOFTWARE, PRODUCTOS O SERVICIOS PROPORCIONADOS AQU\u00cd, INCLUYENDO SIN LIMITACI\u00d3N LAS GARANT\u00cdAS DE TITULACI\u00d3N INFRACCI\u00d3N, COMERCIABILIDAD O APTITUD PARA UN PROP\u00d3SITO PARTICULAR. Burial-Price.com NO GARANTIZA LOS RESULTADOS QUE SE PUEDAN OBTENER AL UTILIZAR ESTE SITIO WEB Y LA INFORMACI\u00d3N, SOFTWARE, PRODUCTOS Y SERVICIOS ASOCIADOS CON ELLO. EL USO DE ESTE SITIO WEB Y \/ O LOS SERVICIOS DE Burial-Price.com ES BAJO SU PROPIO RIESGO. Burial-Price.com Y \/ O SUS ASEGURADORES O ANUNCIANTES PARTICIPANTES O CUALQUIERA DE SUS FUNCIONARIOS, DIRECTORES, AGENTES, SUBSIDIARIOS, AFILIADOS, EMPLEADOS, SUCESORES, CESIONARIOS, PROVEEDORES DE CONTENIDO O PROVEEDORES DE SERVICIOS NO SER\u00c1N RESPONSABLES DE NING\u00daN DIRECTOR, INDICADOR , DA\u00d1OS CONSECUENTES, ESPECIALES O PUNITIVOS U OTRAS LESIONES QUE SURJAN DE O DE CUALQUIER FORMA RELACIONADA CON EL USO DE ESTE SITIO WEB Y \/ O SERVICIOS O CON LA DEMORA O INCAPACIDAD PARA UTILIZAR ESTE SITIO WEB, O PARA CUALQUIER INFORMACI\u00d3N, SOFTWARE, PRODUCTOS Y LOS SERVICIOS OBTENIDOS A TRAV\u00c9S DE ESTE SITIO WEB, O DE OTRA MANERA QUE SURJAN DEL USO DE ESTE SITIO WEB, YA SEAN RESULTANDO EN TODO O EN PARTE, POR INCUMPLIMIENTO DEL CONTRATO, COMPORTAMIENTO TORTIO, NEGLIGENCIA, RESPONSABILIDAD ESTRICTA O DE OTRO MODO, INCLUSO SI Burial-Price.com O SUS ASEGURADORES PARTICIPANTES HAN SIDO ADVERTIDOS DE LA POSIBILIDAD DE DA\u00d1OS. ALGUNOS ESTADOS NO PERMITEN LA LIMITACI\u00d3N DE RESPONSABILIDAD Y RENUNCIA DE GARANT\u00cdAS IMPL\u00cdCITAS, POR LO QUE LAS RENUNCIAS Y LIMITACIONES ANTERIORES PUEDEN NO APLICARSE EN SU CASO. EN DICHOS ESTADOS, LA RESPECTIVA RESPONSABILIDAD DE Burial-Price.com, SUS ASEGURADORES PARTICIPANTES Y SUS FUNCIONARIOS, DIRECTORES, AGENTES, SUBSIDIARIAS, AFILIADOS, EMPLEADOS, SUCESORES, CESIONARIOS, PROVEEDORES DE CONTENIDO Y PROVEEDORES DE SERVICIOS EST\u00c1 LIMITADA A LOS GRANDES ABOGADOS.<\/p>\n\n\n\n<p><strong>Indemnidad<\/strong><\/p>\n\n\n\n<p>Como condici\u00f3n para utilizar este sitio web y \/ o los servicios ofrecidos en el mismo, usted acepta indemnizar a Burial-Price.com y sus aseguradoras participantes de y contra todas y cada una de las responsabilidades, gastos (incluidos los honorarios de los abogados) y da\u00f1os que surjan de las reclamaciones. como resultado de su uso de este sitio web, incluyendo sin limitaci\u00f3n cualquier reclamo que alegue hechos que, de ser ciertos, constituir\u00edan un incumplimiento por su parte de estos T\u00e9rminos.<\/p>\n\n\n\n<p><strong>Enlaces a terceros<\/strong><\/p>\n\n\n\n<p>Este sitio web contiene enlaces a otros sitios web operados por aseguradoras participantes u otros terceros. Dichos enlaces se proporcionan solo para su conveniencia y referencia. Burial-Price.com no opera ni controla en ning\u00fan aspecto ninguna informaci\u00f3n, software, productos o servicios disponibles en dichos sitios de terceros. Su inclusi\u00f3n de un enlace a un sitio web no implica ning\u00fan respaldo de los servicios o del sitio, su contenido o su organizaci\u00f3n patrocinadora.<\/p>\n\n\n\n<p><strong>Resoluci\u00f3n de conflictos<\/strong><\/p>\n\n\n\n<p>Cualquier controversia o reclamo que surja o se relacione con el uso del sitio web, los bienes o servicios proporcionados por Burial-Price.com, o cualquier acto u omisi\u00f3n por el cual usted pueda sostener que Burial-Price.com es responsable, incluyendo pero sin limitarse a cualquier controversia o reclamo con respecto a si la disposici\u00f3n de arbitraje es aplicable (colectivamente &#8220;Disputa&#8221;), se resolver\u00e1 final y exclusivamente mediante arbitraje vinculante de acuerdo con las reglas de arbitraje comercial de la Asociaci\u00f3n Americana de Arbitraje vigentes en ese momento. Usted acepta que el arbitraje se llevar\u00e1 a cabo en Los \u00c1ngeles, California y que el juicio sobre el laudo arbitral puede ingresarse en cualquier tribunal de jurisdicci\u00f3n competente en el condado de Los \u00c1ngeles, California. Ning\u00fan \u00e1rbitro tendr\u00e1 el poder de otorgar da\u00f1os en relaci\u00f3n con cualquier Disputa en exceso de los da\u00f1os compensatorios reales y no multiplicar\u00e1 los da\u00f1os reales ni otorgar\u00e1 da\u00f1os consecuentes, punitivos o ejemplares, y cada parte renuncia irrevocablemente a cualquier reclamo al respecto. El acuerdo de arbitraje no se interpretar\u00e1 como un acuerdo de uni\u00f3n o consolidaci\u00f3n de un arbitraje bajo este acuerdo con un arbitraje de disputas o reclamos de cualquier no parte, independientemente de la naturaleza de las cuestiones de disputas involucradas.<\/p>\n\n\n\n<p>ESTOS T\u00c9RMINOS DISPONEN QUE TODAS LAS DISPUTAS ENTRE USTED Y LA COMPA\u00d1\u00cdA SE RESOLVER\u00c1N MEDIANTE ARBITRAJE VINCULANTE. POR LO TANTO, CEDE SU DERECHO A IR A LA CORTE PARA AFIRMAR O DEFENDER SUS DERECHOS. TAMBI\u00c9N CEDE SU DERECHO A PARTICIPAR O TRAER ACCIONES COLECTIVAS. SUS DERECHOS SER\u00c1N DETERMINADOS POR \u00c1RBITROS NEUTRALES Y NO POR UN JUEZ O JURADO. AL UTILIZAR LOS SERVICIOS DE Burial-Price.com, USTED ACEPTA ESTAS RESTRICCIONES. SI NO EST\u00c1 DE ACUERDO CON ESTAS RESTRICCIONES, NO ACCEDA A SU SITIO WEB.<\/p>\n\n\n\n<p>En el caso de que las disposiciones de arbitraje en este documento se vuelvan inaplicables o inaplicables, o en cualquier caso de cualquier demanda entre usted y Burial-Price.com, usted acepta que la jurisdicci\u00f3n y el lugar de cualquier demanda ser\u00e1 exclusivamente en los tribunales estatales y federales con sede en Los Condado de \u00c1ngeles, California. Usted acepta que, independientemente de cualquier estatuto o ley en contrario, cualquier reclamo o causa de acci\u00f3n que surja de o est\u00e9 relacionado con el uso de los servicios debe presentarse dentro de un (1) a\u00f1o despu\u00e9s de que dicho reclamo o causa de acci\u00f3n surgiera o se prescribir\u00e1 para siempre.<\/p>\n\n\n\n<p><strong>T\u00e9rminos generales<\/strong><\/p>\n\n\n\n<p>Estos T\u00e9rminos constituyen el acuerdo completo entre usted y Burial-Price.com. Estos T\u00e9rminos se regir\u00e1n por las leyes del Estado de California sin tener en cuenta sus disposiciones sobre conflicto de leyes. Si se determina que alguna parte de estos T\u00e9rminos no se puede hacer cumplir de conformidad con la ley aplicable, entonces la disposici\u00f3n inv\u00e1lida e inaplicable se considerar\u00e1 reemplazada por una disposici\u00f3n v\u00e1lida y exigible que se acerque m\u00e1s a la intenci\u00f3n de la disposici\u00f3n original y el resto de estos T\u00e9rminos permanecer\u00e1 en vigor. . Cualquier falla por parte de Burial-Price.com para ejercer o hacer cumplir cualquier derecho o disposici\u00f3n de estos T\u00e9rminos no se considerar\u00e1 una renuncia a dicho derecho o disposici\u00f3n. Burial-Price.com puede modificar estos T\u00e9rminos en cualquier momento publicando los t\u00e9rminos modificados en su sitio web. Todos los t\u00e9rminos modificados entran en vigencia autom\u00e1ticamente de inmediato, una vez publicados.<\/p>\n","protected":false},"excerpt":{"rendered":"<p>POR FAVOR LEA ESTE ACUERDO DETENIDAMENTE ANTES DE ACCEDER AL SITIO. AL UTILIZAR EL SITIO, USTED RECONOCE QUE HA LE\u00cdDO ESTE ACUERDO Y EST\u00c1 DE ACUERDO SIN LIMITACI\u00d3N O CUALIFICACI\u00d3N, ESTAR LEGALMENTE OBLIGADO POR ESTE ACUERDO Y LOS T\u00c9RMINOS DE LA POL\u00cdTICA DE PRIVACIDAD DE LA COMPA\u00d1\u00cdA QUE EST\u00c1 INCORPORADA AQU\u00cd TAL COMO EST\u00c1 COMPLETAMENTE [&hellip;]<\/p>\n","protected":false},"author":1,"featured_media":0,"parent":0,"menu_order":0,"comment_status":"closed","ping_status":"closed","template":"page-content.php","meta":[],"_links":{"self":[{"href":"https:\/\/burial-price.com\/es\/wp-json\/wp\/v2\/pages\/33"}],"collection":[{"href":"https:\/\/burial-price.com\/es\/wp-json\/wp\/v2\/pages"}],"about":[{"href":"https:\/\/burial-price.com\/es\/wp-json\/wp\/v2\/types\/page"}],"author":[{"embeddable":true,"href":"https:\/\/burial-price.com\/es\/wp-json\/wp\/v2\/users\/1"}],"replies":[{"embeddable":true,"href":"https:\/\/burial-price.com\/es\/wp-json\/wp\/v2\/comments?post=33"}],"version-history":[{"count":7,"href":"https:\/\/burial-price.com\/es\/wp-json\/wp\/v2\/pages\/33\/revisions"}],"predecessor-version":[{"id":126,"href":"https:\/\/burial-price.com\/es\/wp-json\/wp\/v2\/pages\/33\/revisions\/126"}],"wp:attachment":[{"href":"https:\/\/burial-price.com\/es\/wp-json\/wp\/v2\/media?parent=33"}],"curies":[{"name":"wp","href":"https:\/\/api.w.org\/{rel}","templated":true}]}}