{"id":36,"date":"2020-11-24T10:43:22","date_gmt":"2020-11-24T07:43:22","guid":{"rendered":"http:\/\/burial-price.com\/es\/?page_id=36"},"modified":"2021-03-30T02:53:53","modified_gmt":"2021-03-29T23:53:53","slug":"do-not-sell-my-information","status":"publish","type":"page","link":"https:\/\/burial-price.com\/es\/do-not-sell-my-information\/","title":{"rendered":"No Venda Mi Informaci\u00f3n"},"content":{"rendered":"\n<p>ANUNCIOS Y COOKIES<\/p>\n\n\n\n<p>Para los residentes de California y Nevada, algunas de las actividades de intercambio de Greyson Global Inc pueden considerarse una &#8220;venta&#8221; de informaci\u00f3n personal seg\u00fan la ley estatal aplicable. Esto incluye cuando compartimos informaci\u00f3n recopilada de cookies y tecnolog\u00edas de seguimiento similares (como c\u00f3mo interact\u00faa con nuestros Sitios) con nuestros socios externos o proveedores de servicios externos para crear perfiles de usuario y presentar mensajes publicitarios basados en sus preferencias y otros informaci\u00f3n que hemos recopilado de usted.<\/p>\n\n\n\n<p>Sujeto a ciertas excepciones, como residente de California o Nevada, puede cambiar las opciones de su navegador para dejar de aceptar cookies o para indicarle antes de aceptar cookies que opte por no recibir y compartir su informaci\u00f3n. Tenga en cuenta que ciertos aspectos de nuestro servicio pueden estar limitados si no acepta cookies. M\u00e1s informaci\u00f3n sobre cookies y otras tecnolog\u00edas de seguimiento est\u00e1 disponible en allaboutcookies.org o youronlinechoices.eu.<\/p>\n\n\n\n<p>Algunos navegadores web pueden transmitir se\u00f1ales de &#8220;no rastrear&#8221;. No tomamos medidas para responder a las se\u00f1ales de no seguimiento disponibles en algunos navegadores. Esto se debe a que los navegadores web pueden incorporar o activar estas funciones de manera diferente, por lo que no est\u00e1 claro si los usuarios las han activado conscientemente. Como resultado, en este momento no tomamos medidas para responder a tales se\u00f1ales. Como se indic\u00f3 anteriormente, puede administrar sus preferencias de cookies utilizando la configuraci\u00f3n de su propio navegador para aceptar o bloquear algunas o todas las cookies o recibir un aviso para que pueda dar su consentimiento a las cookies. Si bloquea todas las cookies, es posible que algunas funciones de nuestros Sitios no est\u00e9n disponibles o est\u00e9n limitadas.<\/p>\n\n\n\n<p>Tenga en cuenta que, si opta por no participar en la recopilaci\u00f3n y el uso de informaci\u00f3n a trav\u00e9s de cookies y otras tecnolog\u00edas de seguimiento, es posible que a\u00fan vea publicidad personalizada mostrada por redes publicitarias de las que no se ha excluido. Adem\u00e1s, su exclusi\u00f3n voluntaria no evitar\u00e1 que ninguna red publicitaria muestre publicidad que no est\u00e9 personalizada para usted y sus intereses y, en consecuencia, puede ser menos relevante para usted. Tenga en cuenta tambi\u00e9n que deber\u00e1 realizar dichas elecciones en cada navegador y dispositivo que pueda utilizar para visitar nuestros Sitios.<\/p>\n\n\n\n<p>INFORMACI\u00d3N QUE USTED PROPORCIONA A Greyson Global Inc<\/p>\n\n\n\n<p>Para los residentes de California y Nevada, la informaci\u00f3n que nos proporciona a trav\u00e9s de nuestros Sitios, formularios web, llamadas telef\u00f3nicas, correo y correo electr\u00f3nico se comparte seg\u00fan sus indicaciones con nuestros Socios externos (consulte nuestra <a href=\"https:\/\/burial-price.com\/es\/privacy-policy\/\">Pol\u00edtica de Privacidad<\/a> completa para obtener m\u00e1s informaci\u00f3n), lo que puede considerarse una &#8220;venta&#8221; seg\u00fan las leyes estatales aplicables. Si desea registrar con nosotros su preferencia de optar por no compartir su Informaci\u00f3n personal con terceros para fines comerciales y de marketing directo de dichos terceros o para obtener m\u00e1s informaci\u00f3n sobre sus derechos de exclusi\u00f3n voluntaria, complete el formulario a continuaci\u00f3n o ll\u00e1menos al 844-839-9872.<\/p>\n\n\n\n<p>Si desea enviar una solicitud de exclusi\u00f3n voluntaria como representante de un consumidor o un hogar, env\u00ede un correo electr\u00f3nico a nuestro Oficial de privacidad de datos a <a href=\"mailto:privacy@greysonglobal.com\">privacy@greysonglobal.com<\/a> o ll\u00e1menos al 844-839-9872.<\/p>\n","protected":false},"excerpt":{"rendered":"<p>ANUNCIOS Y COOKIES Para los residentes de California y Nevada, algunas de las actividades de intercambio de Greyson Global Inc pueden considerarse una &#8220;venta&#8221; de informaci\u00f3n personal seg\u00fan la ley estatal aplicable. Esto incluye cuando compartimos informaci\u00f3n recopilada de cookies y tecnolog\u00edas de seguimiento similares (como c\u00f3mo interact\u00faa con nuestros Sitios) con nuestros socios externos [&hellip;]<\/p>\n","protected":false},"author":1,"featured_media":0,"parent":0,"menu_order":0,"comment_status":"closed","ping_status":"closed","template":"page-content.php","meta":[],"_links":{"self":[{"href":"https:\/\/burial-price.com\/es\/wp-json\/wp\/v2\/pages\/36"}],"collection":[{"href":"https:\/\/burial-price.com\/es\/wp-json\/wp\/v2\/pages"}],"about":[{"href":"https:\/\/burial-price.com\/es\/wp-json\/wp\/v2\/types\/page"}],"author":[{"embeddable":true,"href":"https:\/\/burial-price.com\/es\/wp-json\/wp\/v2\/users\/1"}],"replies":[{"embeddable":true,"href":"https:\/\/burial-price.com\/es\/wp-json\/wp\/v2\/comments?post=36"}],"version-history":[{"count":5,"href":"https:\/\/burial-price.com\/es\/wp-json\/wp\/v2\/pages\/36\/revisions"}],"predecessor-version":[{"id":122,"href":"https:\/\/burial-price.com\/es\/wp-json\/wp\/v2\/pages\/36\/revisions\/122"}],"wp:attachment":[{"href":"https:\/\/burial-price.com\/es\/wp-json\/wp\/v2\/media?parent=36"}],"curies":[{"name":"wp","href":"https:\/\/api.w.org\/{rel}","templated":true}]}}